{"id":10238,"date":"2019-04-17T04:16:55","date_gmt":"2019-04-17T04:16:55","guid":{"rendered":"http:\/\/dzungtranphotography.com\/?page_id=10238"},"modified":"2019-04-17T14:45:08","modified_gmt":"2019-04-17T14:45:08","slug":"workshop","status":"publish","type":"page","link":"http:\/\/dzungtranphotography.com\/vi\/workshop\/","title":{"rendered":"\u0110\u00e0o t\u1ea1o"},"content":{"rendered":"<div class=\"section-heading none section-align-center\" style=\"padding-top:10px;padding-bottom:10px;margin-bottom:30px;\"><h2 class=\"section-title\">\u0110\u00e0o t\u1ea1o<\/h2><div class=\"section-end\"><\/div><\/div>\n<p><p>Nh\u01b0 m\u1ed9t ph\u1ea7n trong c\u00f4ng vi\u1ec7c v\u1ec1 nhi\u1ebfp \u1ea3nh, t\u00f4i c\u0169ng d\u00e0nh m\u1ed9t ph\u1ea7n th\u1eddi gian c\u1ee7a m\u00ecnh cho c\u00e1c ho\u1ea1t \u0111\u1ed9ng c\u1ed9ng \u0111\u1ed3ng. T\u00f4i l\u00e0 ng\u01b0\u1eddi s\u00e1ng l\u1eadp c\u1ee7a <strong>&#8220;K\u1ef9 Thu\u1eadt Nhi\u1ebfp \u1ea2nh&#8221;<\/strong> (Photography Tips &#038; Tricks). A non-commercial project which i built to share knowledge &#038; techniques about photography. I think it will be helpful for you then you should take a look on it<\/p>\n<ul>\n<li><strong>Youtube : <\/strong><a href=\"https:\/\/www.youtube.com\/channel\/UC1df4PtuzTKZWV92rGXEl2g\" target=\"_blank\" rel=\"noopener noreferrer\">https:\/\/www.youtube.com\/channel\/UC1df4PtuzTKZWV92rGXEl2g<\/a><\/li>\n<li><strong>Facebook : <\/strong><a href=\"https:\/\/www.facebook.com\/groups\/844903592377466\/\" target=\"_blank\" rel=\"noopener noreferrer\">https:\/\/www.facebook.com\/groups\/844903592377466\/<\/a><\/li>\n<\/ul>\n<p>B\u00ean c\u1ea1nh \u0111\u00f3 n\u1ebfu b\u1ea1n c\u1ea7n m\u1ed9t s\u1ef1 \u0111\u1ecbnh h\u01b0\u1edbng chuy\u00ean s\u00e2u h\u01a1n v\u00e0 s\u1ef1 h\u01b0\u1edbng d\u1eabn tr\u1ef1c ti\u1ebfp. B\u1ea1n c\u00f3 th\u1ec3 tham kh\u1ea3o m\u1ed9t s\u1ed1 c\u00e1c ho\u1ea1t \u0111\u1ed9ng gi\u1ea3ng d\u1ea1y m\u00e0 t\u00f4i \u0111ang th\u1ef1c hi\u1ec7n b\u00ean d\u01b0\u1edbi. B\u1ea1n c\u00f3 th\u1ec3 \u0111\u1eb7t c\u00e1c bu\u1ed5i workshop  cho nh\u00f3m c\u1ee7a m\u00ecnh v\u00e0 t\u00f4i c\u0169ng s\u1ebd thi\u1ebft k\u1ebf nh\u1eefng ch\u01b0\u01a1ng tr\u00ecnh ri\u00eang t\u00f9y theo nhu c\u1ea7u c\u1ee7a b\u1ea1n. Xin vui l\u00f2ng li\u00ean h\u1ec7 tr\u1ef1c ti\u1ebfp \u0111\u1ec3 bi\u1ebft th\u00eam th\u00f4ng tin chi ti\u1ebft<\/p>\n<\/p>\n<div class=\"section-heading none section-align-center\" style=\"padding-top:10px;padding-bottom:10px;margin-bottom:60px;\"><h2 class=\"section-title\">C\u00e1c ho\u1ea1t \u0111\u1ed9ng<\/h2><div class=\"section-end\"><\/div><\/div>\n<div class=\"single-image-block none\" style=\"padding-top:50px;padding-bottom:0;text-align:left;\"><img src=\"http:\/\/dzungtranphotography.com\/wp-content\/uploads\/2019\/04\/44539058_10156816945348307_6009857010403639296_o-e1555489597172-1.jpg\" alt=\"\"\/><\/div>\n<div class=\"service-column none service-column-1 service-boxes-icon-with-title no-border alignicon-left alignicon-left-vertical serviceboxes-vertical clearfix\"><p> <div class=\"service-item none\"><div data-iconcolor=\"\" data-bgcolor=\"\" class=\"service-icon\"><i style=\"\" class=\"fontawesome in-circle  et-icon-camera\"><\/i><\/div><div class=\"service-content\"><h4>Workshop theo ch\u1ee7 \u0111\u1ec1<\/h4><div class=\"service-details\"><p> T\u00f4i th\u1ef1c hi\u1ec7n c\u00e1c bu\u1ed5i workshop c\u00f4ng khai ho\u1eb7c n\u1ed9i b\u1ed9. Ch\u1ee7 \u0111\u1ec1 c\u00e1c bu\u1ed5i workshop n\u1eb1m trong ph\u1ea1m tr\u00f9 chuy\u00ean m\u00f4n c\u1ee7a t\u00f4i bao g\u1ed3m : qu\u1ea3n l\u00fd m\u00e0u s\u1eafc, k\u1ef9 thu\u1eadt ch\u1ee5p \u1ea3nh phong c\u1ea3nh, ki\u1ebfn tr\u00fac, \u1ea3nh th\u01b0\u01a1ng m\u1ea1i v\u00e0 c\u00e1c k\u0129 thu\u1eadt x\u1eed l\u00fd \u1ea3nh k\u0129 thu\u1eadt s\u1ed1 <\/p>\n<\/div><\/div><\/div><div class=\"service-item none\"><div data-iconcolor=\"\" data-bgcolor=\"\" class=\"service-icon\"><i style=\"\" class=\"fontawesome in-circle  et-icon-map\"><\/i><\/div><div class=\"service-content\"><h4>Workshop tour<\/h4><div class=\"service-details\"><p> Kh\u00f4ng \u0111\u01a1n gi\u1ea3n nh\u01b0 m\u1ed9t tour ch\u1ee5p \u1ea3nh th\u00f4ng th\u01b0\u1eddng n\u1ebfu b\u1ea1n c\u1ea7n m\u1ed9t ng\u01b0\u1eddi \u0111\u1ee7 kinh nghi\u1ec7m h\u1ed7 tr\u1ee3 v\u00e0 h\u01b0\u1edbng d\u1eabn tr\u1ef1c ti\u1ebfp trong qu\u00e1 tr\u00ecnh ch\u1ee5p \u1ea3nh v\u00e0 s\u00e1ng t\u00e1c. T\u00f4i s\u1ebd h\u1ed7 tr\u1ee3 nh\u00f3m c\u1ee7a b\u1ea1n. B\u1ea1n c\u00f3 th\u1ec3 xem qua ph\u00f2ng tranh c\u00e1 nh\u00e2n c\u1ee7a t\u00f4i \u0111\u1ec3 l\u1ea5y t\u01b0 li\u1ec7u tham kh\u1ea3o <\/p>\n<\/div><\/div><\/div><div class=\"service-item none\"><div data-iconcolor=\"\" data-bgcolor=\"\" class=\"service-icon\"><i style=\"\" class=\"fontawesome in-circle  et-icon-book-open\"><\/i><\/div><div class=\"service-content\"><h4>Gi\u1ea3ng d\u1ea1y nhi\u1ebfp \u1ea3nh<\/h4><div class=\"service-details\"><p> N\u1ebfu b\u1ea1n quan t\u00e2m t\u1edbi vi\u1ec7c b\u1ed5 sung \u0111\u1ea7y \u0111\u1ee7 c\u00e1c k\u1ef9 n\u0103ng nhi\u1ebfp \u1ea3nh v\u00e0 xem n\u00f3 nh\u01b0 m\u1ed9t c\u00f4ng vi\u1ec7c nghi\u00eam t\u00fac. T\u00f4i c\u00f3 th\u1ec3 th\u1ef1c hi\u1ec7n vi\u1ec7c \u0111\u00e0o t\u1ea1o v\u00e0 chia s\u1ebb b\u1ea1n c\u00e1c kinh nghi\u1ec7m trong chuy\u00ean m\u00f4n c\u1ee7a t\u00f4i <\/p>\n<\/div><\/div><\/div> <\/p>\n<\/div>\n<div class=\"section-heading none section-align-center\" style=\"padding-top:10px;padding-bottom:10px;margin-bottom:60px;\"><h2 class=\"section-title\">\u1ea2nh x\u1eed l\u00fd tham kh\u1ea3o<\/h2><div class=\"section-end\"><\/div><\/div>\n<div id=\"before-after-id-69fde1d879e2a\" class=\"before-after-shortcode before-after-container\" data-orientation=\"vertical\"><div class=\"twentytwenty-container\"><img src=\"http:\/\/dzungtranphotography.com\/wp-content\/uploads\/2019\/04\/AnGiang_DzungTran_0006.jpg\" alt=\"before\" \/><img src=\"http:\/\/dzungtranphotography.com\/wp-content\/uploads\/2019\/04\/AnGiang_DzungTran_0006_after.jpg\" alt=\"after\"\/><\/div><\/div>\n\t<script>\n\t\/* <![CDATA[ *\/\n\t(function($){\n\t$(window).on(\"load\", function(){\n\t\t$(\"#before-after-id-69fde1d879e2a\").twentytwenty({default_offset_pct: 0.5});\n\t})\n\t})(jQuery);\n\t\/* ]]> *\/\n\t<\/script>\n\t\n<div id=\"before-after-id-69fde1d879e39\" class=\"before-after-shortcode before-after-container\" data-orientation=\"vertical\"><div class=\"twentytwenty-container\"><img src=\"http:\/\/dzungtranphotography.com\/wp-content\/uploads\/2019\/04\/2783632.jpg\" alt=\"before\" \/><img src=\"http:\/\/dzungtranphotography.com\/wp-content\/uploads\/2019\/04\/2783632_bf.jpg\" alt=\"after\"\/><\/div><\/div>\n\t<script>\n\t\/* <![CDATA[ *\/\n\t(function($){\n\t$(window).on(\"load\", function(){\n\t\t$(\"#before-after-id-69fde1d879e39\").twentytwenty({default_offset_pct: 0.5});\n\t})\n\t})(jQuery);\n\t\/* ]]> *\/\n\t<\/script>","protected":false},"excerpt":{"rendered":"<p>As a part of my photography jobs, i also have some social activities for photography community. I also the founder of &#8220;K\u1ef9 Thu\u1eadt Nhi\u1ebfp \u1ea2nh&#8221; (Photography Tips &#038; Tricks). A non-commercial project which i built to share knowledge &#038; techniques about photography. I think it will be helpful for you then you should take a look on it Youtube : https:\/\/www.youtube.com\/channel\/UC1df4PtuzTKZWV92rGXEl2g Facebook : https:\/\/www.facebook.com\/groups\/844903592377466\/ Besides that if you need a more intensive orientation on photography and need direct instruction. Please [&hellip;]<\/p>","protected":false},"author":1,"featured_media":0,"parent":0,"menu_order":0,"comment_status":"closed","ping_status":"closed","template":"","meta":{"ngg_post_thumbnail":0},"yoast_head":"<!-- This site is optimized with the Yoast SEO plugin v16.2 - https:\/\/yoast.com\/wordpress\/plugins\/seo\/ -->\n<title>Workshop - Dzung Tran Photography - Architecture Landscape photographer<\/title>\n<meta name=\"robots\" content=\"index, follow, max-snippet:-1, max-image-preview:large, max-video-preview:-1\" \/>\n<link rel=\"canonical\" href=\"http:\/\/dzungtranphotography.com\/vi\/workshop\/\" \/>\n<meta property=\"og:locale\" content=\"vi_VN\" \/>\n<meta property=\"og:type\" content=\"article\" \/>\n<meta property=\"og:title\" content=\"Workshop - Dzung Tran Photography - Architecture Landscape photographer\" \/>\n<meta property=\"og:description\" content=\"As a part of my photography jobs, i also have some social activities for photography community. I also the founder of &#8220;K\u1ef9 Thu\u1eadt Nhi\u1ebfp \u1ea2nh&#8221; (Photography Tips &#038; Tricks). A non-commercial project which i built to share knowledge &#038; techniques about photography. I think it will be helpful for you then you should take a look on it Youtube : https:\/\/www.youtube.com\/channel\/UC1df4PtuzTKZWV92rGXEl2g Facebook : https:\/\/www.facebook.com\/groups\/844903592377466\/ Besides that if you need a more intensive orientation on photography and need direct instruction. Please [&hellip;]\" \/>\n<meta property=\"og:url\" content=\"http:\/\/dzungtranphotography.com\/vi\/workshop\/\" \/>\n<meta property=\"og:site_name\" content=\"Dzung Tran Photography - Architecture Landscape photographer\" \/>\n<meta property=\"article:modified_time\" content=\"2019-04-17T14:45:08+00:00\" \/>\n<meta name=\"twitter:card\" content=\"summary\" \/>\n<meta name=\"twitter:label1\" content=\"Est. reading time\">\n\t<meta name=\"twitter:data1\" content=\"2 minutes\">\n<script type=\"application\/ld+json\" class=\"yoast-schema-graph\">{\"@context\":\"https:\/\/schema.org\",\"@graph\":[{\"@type\":[\"Person\",\"Organization\"],\"@id\":\"http:\/\/dzungtranphotography.com\/vi\/#\/schema\/person\/f8ffd22ab15b9dc278737fe05a3ff426\",\"name\":\"kusanagi\",\"image\":{\"@type\":\"ImageObject\",\"@id\":\"http:\/\/dzungtranphotography.com\/vi\/#personlogo\",\"inLanguage\":\"vi\",\"url\":\"http:\/\/0.gravatar.com\/avatar\/cb003971e95fabcd35e1b5509d5ec283?s=96&d=mm&r=g\",\"contentUrl\":\"http:\/\/0.gravatar.com\/avatar\/cb003971e95fabcd35e1b5509d5ec283?s=96&d=mm&r=g\",\"caption\":\"kusanagi\"},\"logo\":{\"@id\":\"http:\/\/dzungtranphotography.com\/vi\/#personlogo\"}},{\"@type\":\"WebSite\",\"@id\":\"http:\/\/dzungtranphotography.com\/vi\/#website\",\"url\":\"http:\/\/dzungtranphotography.com\/vi\/\",\"name\":\"Dzung Tran Photography - Architecture Landscape photographer\",\"description\":\"\",\"publisher\":{\"@id\":\"http:\/\/dzungtranphotography.com\/vi\/#\/schema\/person\/f8ffd22ab15b9dc278737fe05a3ff426\"},\"potentialAction\":[{\"@type\":\"SearchAction\",\"target\":\"http:\/\/dzungtranphotography.com\/vi\/?s={search_term_string}\",\"query-input\":\"required name=search_term_string\"}],\"inLanguage\":\"vi\"},{\"@type\":\"WebPage\",\"@id\":\"http:\/\/dzungtranphotography.com\/en\/workshop\/#webpage\",\"url\":\"http:\/\/dzungtranphotography.com\/en\/workshop\/\",\"name\":\"Workshop - Dzung Tran Photography - Architecture Landscape photographer\",\"isPartOf\":{\"@id\":\"http:\/\/dzungtranphotography.com\/vi\/#website\"},\"datePublished\":\"2019-04-17T04:16:55+00:00\",\"dateModified\":\"2019-04-17T14:45:08+00:00\",\"breadcrumb\":{\"@id\":\"http:\/\/dzungtranphotography.com\/en\/workshop\/#breadcrumb\"},\"inLanguage\":\"vi\",\"potentialAction\":[{\"@type\":\"ReadAction\",\"target\":[\"http:\/\/dzungtranphotography.com\/en\/workshop\/\"]}]},{\"@type\":\"BreadcrumbList\",\"@id\":\"http:\/\/dzungtranphotography.com\/en\/workshop\/#breadcrumb\",\"itemListElement\":[{\"@type\":\"ListItem\",\"position\":1,\"item\":{\"@type\":\"WebPage\",\"@id\":\"http:\/\/dzungtranphotography.com\/vi\/\",\"url\":\"http:\/\/dzungtranphotography.com\/vi\/\",\"name\":\"Home\"}},{\"@type\":\"ListItem\",\"position\":2,\"item\":{\"@id\":\"http:\/\/dzungtranphotography.com\/en\/workshop\/#webpage\"}}]}]}<\/script>\n<!-- \/ Yoast SEO plugin. -->","_links":{"self":[{"href":"http:\/\/dzungtranphotography.com\/vi\/wp-json\/wp\/v2\/pages\/10238"}],"collection":[{"href":"http:\/\/dzungtranphotography.com\/vi\/wp-json\/wp\/v2\/pages"}],"about":[{"href":"http:\/\/dzungtranphotography.com\/vi\/wp-json\/wp\/v2\/types\/page"}],"author":[{"embeddable":true,"href":"http:\/\/dzungtranphotography.com\/vi\/wp-json\/wp\/v2\/users\/1"}],"replies":[{"embeddable":true,"href":"http:\/\/dzungtranphotography.com\/vi\/wp-json\/wp\/v2\/comments?post=10238"}],"version-history":[{"count":55,"href":"http:\/\/dzungtranphotography.com\/vi\/wp-json\/wp\/v2\/pages\/10238\/revisions"}],"predecessor-version":[{"id":10446,"href":"http:\/\/dzungtranphotography.com\/vi\/wp-json\/wp\/v2\/pages\/10238\/revisions\/10446"}],"wp:attachment":[{"href":"http:\/\/dzungtranphotography.com\/vi\/wp-json\/wp\/v2\/media?parent=10238"}],"curies":[{"name":"wp","href":"https:\/\/api.w.org\/{rel}","templated":true}]}}